{"id":10475,"date":"2024-09-23T20:16:01","date_gmt":"2024-09-23T18:16:01","guid":{"rendered":"https:\/\/aulavoirsolidaire.fr\/?page_id=10475"},"modified":"2024-12-05T13:47:37","modified_gmt":"2024-12-05T11:47:37","slug":"vie-associative","status":"publish","type":"page","link":"https:\/\/aulavoirsolidaire.fr\/?page_id=10475","title":{"rendered":"VIE ASSOCIATIVE"},"content":{"rendered":"\t\t<div data-elementor-type=\"wp-page\" data-elementor-id=\"10475\" class=\"elementor elementor-10475\" data-elementor-post-type=\"page\">\n\t\t\t\t\t\t<section class=\"elementor-section elementor-top-section elementor-element elementor-element-2d4a763c elementor-section-height-min-height elementor-section-items-stretch elementor-section-content-middle elementor-section-full_width elementor-section-height-default wpr-particle-no wpr-jarallax-no wpr-parallax-no wpr-sticky-section-no\" data-id=\"2d4a763c\" data-element_type=\"section\" data-settings=\"{&quot;background_background&quot;:&quot;classic&quot;}\">\n\t\t\t\t\t\t<div class=\"elementor-container elementor-column-gap-no\">\n\t\t\t\t\t<div class=\"elementor-column elementor-col-50 elementor-top-column elementor-element elementor-element-230b8431\" data-id=\"230b8431\" data-element_type=\"column\">\n\t\t\t<div class=\"elementor-widget-wrap elementor-element-populated\">\n\t\t\t\t\t\t<div class=\"elementor-element elementor-element-3e770c70 elementor-widget-tablet__width-initial elementor-invisible elementor-widget elementor-widget-heading\" data-id=\"3e770c70\" data-element_type=\"widget\" data-settings=\"{&quot;_animation&quot;:&quot;fadeInUp&quot;}\" data-widget_type=\"heading.default\">\n\t\t\t\t<div class=\"elementor-widget-container\">\n\t\t\t<h1 class=\"elementor-heading-title elementor-size-default\">\u00c9V\u00c9NEMENTS CULTURELS &amp; loisirs<\/h1>\t\t<\/div>\n\t\t\t\t<\/div>\n\t\t\t\t<div class=\"elementor-element elementor-element-48e8b08d elementor-invisible elementor-widget elementor-widget-text-editor\" data-id=\"48e8b08d\" data-element_type=\"widget\" data-settings=\"{&quot;_animation&quot;:&quot;fadeInUp&quot;,&quot;_animation_delay&quot;:600}\" data-widget_type=\"text-editor.default\">\n\t\t\t\t<div class=\"elementor-widget-container\">\n\t\t\t\t\t\t\t<p>Au Lavoir, la convivialit\u00e9 et l\u2019ouverture aux autres sont au c\u0153ur de nos actions. Tout au long de l\u2019ann\u00e9e, nous organisons des activit\u00e9s culturelles et r\u00e9cr\u00e9atives pour tous les habitants, sans aucune distinction. Des sorties culturelles \u00e0 des ateliers cr\u00e9atifs, nos initiatives visent \u00e0 cr\u00e9er des moments de rencontre et de partage, favorisant le bien-\u00eatre et l&#8217;\u00e9panouissement de chacun.<\/p>\t\t\t\t\t\t<\/div>\n\t\t\t\t<\/div>\n\t\t\t\t<div class=\"elementor-element elementor-element-1d5b877d elementor-invisible elementor-widget elementor-widget-button\" data-id=\"1d5b877d\" data-element_type=\"widget\" data-settings=\"{&quot;_animation&quot;:&quot;fadeInUp&quot;}\" data-widget_type=\"button.default\">\n\t\t\t\t<div class=\"elementor-widget-container\">\n\t\t\t\t\t<div class=\"elementor-button-wrapper\">\n\t\t\t<a class=\"elementor-button elementor-button-link elementor-size-sm elementor-animation-shrink\" href=\"https:\/\/www.facebook.com\/aulavoirsolidaire?locale=fr_FR\" target=\"_blank\">\n\t\t\t\t\t\t<span class=\"elementor-button-content-wrapper\">\n\t\t\t\t\t\t<span class=\"elementor-button-icon\">\n\t\t\t\t<i aria-hidden=\"true\" class=\"fas fa-calendar-alt\"><\/i>\t\t\t<\/span>\n\t\t\t\t\t\t\t\t\t<span class=\"elementor-button-text\">D\u00e9couvrez notre programme<\/span>\n\t\t\t\t\t<\/span>\n\t\t\t\t\t<\/a>\n\t\t<\/div>\n\t\t\t\t<\/div>\n\t\t\t\t<\/div>\n\t\t\t\t\t<\/div>\n\t\t<\/div>\n\t\t\t\t<div class=\"elementor-column elementor-col-50 elementor-top-column elementor-element elementor-element-12bccab\" data-id=\"12bccab\" data-element_type=\"column\">\n\t\t\t<div class=\"elementor-widget-wrap elementor-element-populated\">\n\t\t\t\t\t\t<div class=\"elementor-element elementor-element-7654947b elementor-widget__width-initial elementor-invisible elementor-widget elementor-widget-image\" data-id=\"7654947b\" data-element_type=\"widget\" data-settings=\"{&quot;_animation&quot;:&quot;fadeInUp&quot;}\" data-widget_type=\"image.default\">\n\t\t\t\t<div class=\"elementor-widget-container\">\n\t\t\t\t\t\t\t\t\t\t\t\t\t<img fetchpriority=\"high\" decoding=\"async\" width=\"640\" height=\"480\" src=\"https:\/\/aulavoirsolidaire.fr\/wp-content\/uploads\/2024\/11\/431023955_916661973802632_4637600103893624526_n-1024x768.jpg\" class=\"attachment-large size-large wp-image-11426\" alt=\"\" srcset=\"https:\/\/aulavoirsolidaire.fr\/wp-content\/uploads\/2024\/11\/431023955_916661973802632_4637600103893624526_n-1024x768.jpg 1024w, https:\/\/aulavoirsolidaire.fr\/wp-content\/uploads\/2024\/11\/431023955_916661973802632_4637600103893624526_n-768x576.jpg 768w, https:\/\/aulavoirsolidaire.fr\/wp-content\/uploads\/2024\/11\/431023955_916661973802632_4637600103893624526_n-1536x1152.jpg 1536w, https:\/\/aulavoirsolidaire.fr\/wp-content\/uploads\/2024\/11\/431023955_916661973802632_4637600103893624526_n-1568x1176.jpg 1568w, https:\/\/aulavoirsolidaire.fr\/wp-content\/uploads\/2024\/11\/431023955_916661973802632_4637600103893624526_n.jpg 2048w\" sizes=\"(max-width: 34.9rem) calc(100vw - 2rem), (max-width: 53rem) calc(8 * (100vw \/ 12)), (min-width: 53rem) calc(6 * (100vw \/ 12)), 100vw\" \/>\t\t\t\t\t\t\t\t\t\t\t\t\t<\/div>\n\t\t\t\t<\/div>\n\t\t\t\t\t<\/div>\n\t\t<\/div>\n\t\t\t\t\t<\/div>\n\t\t<\/section>\n\t\t\t\t<section class=\"elementor-section elementor-top-section elementor-element elementor-element-cd1c0aa elementor-section-boxed elementor-section-height-default elementor-section-height-default wpr-particle-no wpr-jarallax-no wpr-parallax-no wpr-sticky-section-no\" data-id=\"cd1c0aa\" data-element_type=\"section\">\n\t\t\t\t\t\t<div class=\"elementor-container elementor-column-gap-no\">\n\t\t\t\t\t<div class=\"elementor-column elementor-col-50 elementor-top-column elementor-element elementor-element-4a49a2b7\" data-id=\"4a49a2b7\" data-element_type=\"column\">\n\t\t\t<div class=\"elementor-widget-wrap elementor-element-populated\">\n\t\t\t\t\t\t<div class=\"elementor-element elementor-element-5c6980ad elementor-invisible elementor-widget elementor-widget-image\" data-id=\"5c6980ad\" data-element_type=\"widget\" data-settings=\"{&quot;_animation&quot;:&quot;fadeInLeft&quot;}\" data-widget_type=\"image.default\">\n\t\t\t\t<div class=\"elementor-widget-container\">\n\t\t\t\t\t\t\t\t\t\t<figure class=\"wp-caption\">\n\t\t\t\t\t\t\t\t\t\t<img decoding=\"async\" width=\"1536\" height=\"2048\" src=\"https:\/\/aulavoirsolidaire.fr\/wp-content\/uploads\/2024\/11\/452633671_1014650780670417_6723170871757446496_n.jpg\" class=\"attachment-full size-full wp-image-11427\" alt=\"\" srcset=\"https:\/\/aulavoirsolidaire.fr\/wp-content\/uploads\/2024\/11\/452633671_1014650780670417_6723170871757446496_n.jpg 1536w, https:\/\/aulavoirsolidaire.fr\/wp-content\/uploads\/2024\/11\/452633671_1014650780670417_6723170871757446496_n-768x1024.jpg 768w, https:\/\/aulavoirsolidaire.fr\/wp-content\/uploads\/2024\/11\/452633671_1014650780670417_6723170871757446496_n-1152x1536.jpg 1152w\" sizes=\"(max-width: 34.9rem) calc(100vw - 2rem), (max-width: 53rem) calc(8 * (100vw \/ 12)), (min-width: 53rem) calc(6 * (100vw \/ 12)), 100vw\" \/>\t\t\t\t\t\t\t\t\t\t\t<figcaption class=\"widget-image-caption wp-caption-text\"><\/figcaption>\n\t\t\t\t\t\t\t\t\t\t<\/figure>\n\t\t\t\t\t\t\t<\/div>\n\t\t\t\t<\/div>\n\t\t\t\t\t<\/div>\n\t\t<\/div>\n\t\t\t\t<div class=\"elementor-column elementor-col-50 elementor-top-column elementor-element elementor-element-54744a2\" data-id=\"54744a2\" data-element_type=\"column\">\n\t\t\t<div class=\"elementor-widget-wrap elementor-element-populated\">\n\t\t\t\t\t\t<div class=\"elementor-element elementor-element-1e3ab55a elementor-invisible elementor-widget elementor-widget-image\" data-id=\"1e3ab55a\" data-element_type=\"widget\" data-settings=\"{&quot;_animation&quot;:&quot;fadeInUp&quot;}\" data-widget_type=\"image.default\">\n\t\t\t\t<div class=\"elementor-widget-container\">\n\t\t\t\t\t\t\t\t\t\t<figure class=\"wp-caption\">\n\t\t\t\t\t\t\t\t\t\t<img decoding=\"async\" width=\"2048\" height=\"1536\" src=\"https:\/\/aulavoirsolidaire.fr\/wp-content\/uploads\/2024\/11\/445822972_977211967747632_8951242823453856174_n.jpg\" class=\"attachment-full size-full wp-image-11425\" alt=\"\" srcset=\"https:\/\/aulavoirsolidaire.fr\/wp-content\/uploads\/2024\/11\/445822972_977211967747632_8951242823453856174_n.jpg 2048w, https:\/\/aulavoirsolidaire.fr\/wp-content\/uploads\/2024\/11\/445822972_977211967747632_8951242823453856174_n-1024x768.jpg 1024w, https:\/\/aulavoirsolidaire.fr\/wp-content\/uploads\/2024\/11\/445822972_977211967747632_8951242823453856174_n-768x576.jpg 768w, https:\/\/aulavoirsolidaire.fr\/wp-content\/uploads\/2024\/11\/445822972_977211967747632_8951242823453856174_n-1536x1152.jpg 1536w, https:\/\/aulavoirsolidaire.fr\/wp-content\/uploads\/2024\/11\/445822972_977211967747632_8951242823453856174_n-1568x1176.jpg 1568w\" sizes=\"(max-width: 34.9rem) calc(100vw - 2rem), (max-width: 53rem) calc(8 * (100vw \/ 12)), (min-width: 53rem) calc(6 * (100vw \/ 12)), 100vw\" \/>\t\t\t\t\t\t\t\t\t\t\t<figcaption class=\"widget-image-caption wp-caption-text\"><\/figcaption>\n\t\t\t\t\t\t\t\t\t\t<\/figure>\n\t\t\t\t\t\t\t<\/div>\n\t\t\t\t<\/div>\n\t\t\t\t\t<\/div>\n\t\t<\/div>\n\t\t\t\t\t<\/div>\n\t\t<\/section>\n\t\t\t\t<section class=\"elementor-section elementor-top-section elementor-element elementor-element-6eeb0b5d elementor-section-full_width elementor-section-content-middle elementor-reverse-tablet elementor-reverse-mobile elementor-section-height-default elementor-section-height-default wpr-particle-no wpr-jarallax-no wpr-parallax-no wpr-sticky-section-no\" data-id=\"6eeb0b5d\" data-element_type=\"section\">\n\t\t\t\t\t\t<div class=\"elementor-container elementor-column-gap-no\">\n\t\t\t\t\t<div class=\"elementor-column elementor-col-50 elementor-top-column elementor-element elementor-element-1054851d\" data-id=\"1054851d\" data-element_type=\"column\">\n\t\t\t<div class=\"elementor-widget-wrap elementor-element-populated\">\n\t\t\t\t\t\t<div class=\"elementor-element elementor-element-27ee1267 elementor-widget elementor-widget-image\" data-id=\"27ee1267\" data-element_type=\"widget\" data-widget_type=\"image.default\">\n\t\t\t\t<div class=\"elementor-widget-container\">\n\t\t\t\t\t\t\t\t\t\t\t\t\t<img loading=\"lazy\" decoding=\"async\" width=\"640\" height=\"578\" src=\"https:\/\/aulavoirsolidaire.fr\/wp-content\/uploads\/2024\/11\/kk-03.webp\" class=\"attachment-large size-large wp-image-11453\" alt=\"\" srcset=\"https:\/\/aulavoirsolidaire.fr\/wp-content\/uploads\/2024\/11\/kk-03.webp 960w, https:\/\/aulavoirsolidaire.fr\/wp-content\/uploads\/2024\/11\/kk-03-768x694.webp 768w\" sizes=\"(max-width: 34.9rem) calc(100vw - 2rem), (max-width: 53rem) calc(8 * (100vw \/ 12)), (min-width: 53rem) calc(6 * (100vw \/ 12)), 100vw\" \/>\t\t\t\t\t\t\t\t\t\t\t\t\t<\/div>\n\t\t\t\t<\/div>\n\t\t\t\t\t<\/div>\n\t\t<\/div>\n\t\t\t\t<div class=\"elementor-column elementor-col-50 elementor-top-column elementor-element elementor-element-70e05ecd\" data-id=\"70e05ecd\" data-element_type=\"column\">\n\t\t\t<div class=\"elementor-widget-wrap elementor-element-populated\">\n\t\t\t\t\t\t<div class=\"elementor-element elementor-element-276c730f elementor-invisible elementor-widget elementor-widget-heading\" data-id=\"276c730f\" data-element_type=\"widget\" data-settings=\"{&quot;_animation&quot;:&quot;fadeInUp&quot;}\" data-widget_type=\"heading.default\">\n\t\t\t\t<div class=\"elementor-widget-container\">\n\t\t\t<h1 class=\"elementor-heading-title elementor-size-default\">Soutien &amp; <br>insertion<\/h1>\t\t<\/div>\n\t\t\t\t<\/div>\n\t\t\t\t<div class=\"elementor-element elementor-element-6f176033 elementor-invisible elementor-widget elementor-widget-text-editor\" data-id=\"6f176033\" data-element_type=\"widget\" data-settings=\"{&quot;_animation&quot;:&quot;fadeInUp&quot;,&quot;_animation_delay&quot;:600}\" data-widget_type=\"text-editor.default\">\n\t\t\t\t<div class=\"elementor-widget-container\">\n\t\t\t\t\t\t\t<p>Nous vous accompagnons dans chacune de vos d\u00e9marches du quotidien. Qu&#8217;il s&#8217;agisse d&#8217;un accompagnement vers le retour \u00e0 l&#8217;emploi, d&#8217;une aide pour vos d\u00e9marches administratives, ou d&#8217;un soutien pour g\u00e9rer des situations sp\u00e9cifiques, notre \u00e9quipe est pr\u00e9sente pour vous offrir une \u00e9coute attentive et un appui personnalis\u00e9. Ensemble, nous mettons ainsi en place des solutions adapt\u00e9es \u00e0 vos besoins.<\/p>\t\t\t\t\t\t<\/div>\n\t\t\t\t<\/div>\n\t\t\t\t<div class=\"elementor-element elementor-element-59d2fe18 elementor-invisible elementor-widget elementor-widget-button\" data-id=\"59d2fe18\" data-element_type=\"widget\" data-settings=\"{&quot;_animation&quot;:&quot;fadeInUp&quot;}\" data-widget_type=\"button.default\">\n\t\t\t\t<div class=\"elementor-widget-container\">\n\t\t\t\t\t<div class=\"elementor-button-wrapper\">\n\t\t\t<a class=\"elementor-button elementor-button-link elementor-size-sm elementor-animation-shrink\" href=\"https:\/\/aulavoirsolidaire.fr\/?page_id=610\">\n\t\t\t\t\t\t<span class=\"elementor-button-content-wrapper\">\n\t\t\t\t\t\t<span class=\"elementor-button-icon\">\n\t\t\t\t<i aria-hidden=\"true\" class=\"fas fa-mail-bulk\"><\/i>\t\t\t<\/span>\n\t\t\t\t\t\t\t\t\t<span class=\"elementor-button-text\">Contactez-nous<\/span>\n\t\t\t\t\t<\/span>\n\t\t\t\t\t<\/a>\n\t\t<\/div>\n\t\t\t\t<\/div>\n\t\t\t\t<\/div>\n\t\t\t\t\t<\/div>\n\t\t<\/div>\n\t\t\t\t\t<\/div>\n\t\t<\/section>\n\t\t\t\t<section class=\"elementor-section elementor-top-section elementor-element elementor-element-5df21f71 elementor-section-content-middle elementor-section-boxed elementor-section-height-default elementor-section-height-default wpr-particle-no wpr-jarallax-no wpr-parallax-no wpr-sticky-section-no\" data-id=\"5df21f71\" data-element_type=\"section\">\n\t\t\t\t\t\t<div class=\"elementor-container elementor-column-gap-no\">\n\t\t\t\t\t<div class=\"elementor-column elementor-col-100 elementor-top-column elementor-element elementor-element-39dca42f\" data-id=\"39dca42f\" data-element_type=\"column\">\n\t\t\t<div class=\"elementor-widget-wrap elementor-element-populated\">\n\t\t\t\t\t\t<div class=\"elementor-element elementor-element-20534d81 elementor-widget elementor-widget-heading\" data-id=\"20534d81\" data-element_type=\"widget\" data-widget_type=\"heading.default\">\n\t\t\t\t<div class=\"elementor-widget-container\">\n\t\t\t<h4 class=\"elementor-heading-title elementor-size-default\">NOTRE ACCOMPAGNEMENT<\/h4>\t\t<\/div>\n\t\t\t\t<\/div>\n\t\t\t\t<section class=\"elementor-section elementor-inner-section elementor-element elementor-element-5d5f107 elementor-section-content-middle elementor-section-boxed elementor-section-height-default elementor-section-height-default wpr-particle-no wpr-jarallax-no wpr-parallax-no wpr-sticky-section-no\" data-id=\"5d5f107\" data-element_type=\"section\">\n\t\t\t\t\t\t<div class=\"elementor-container elementor-column-gap-no\">\n\t\t\t\t\t<div class=\"elementor-column elementor-col-33 elementor-inner-column elementor-element elementor-element-406892fe\" data-id=\"406892fe\" data-element_type=\"column\">\n\t\t\t<div class=\"elementor-widget-wrap elementor-element-populated\">\n\t\t\t\t\t\t<div class=\"elementor-element elementor-element-4c0e21f3 elementor-position-top elementor-widget elementor-widget-image-box\" data-id=\"4c0e21f3\" data-element_type=\"widget\" data-widget_type=\"image-box.default\">\n\t\t\t\t<div class=\"elementor-widget-container\">\n\t\t\t<div class=\"elementor-image-box-wrapper\"><figure class=\"elementor-image-box-img\"><img loading=\"lazy\" decoding=\"async\" width=\"256\" height=\"256\" src=\"https:\/\/aulavoirsolidaire.fr\/wp-content\/uploads\/2024\/11\/analytics.png\" class=\"elementor-animation-grow attachment-full size-full wp-image-11723\" alt=\"\" srcset=\"https:\/\/aulavoirsolidaire.fr\/wp-content\/uploads\/2024\/11\/analytics.png 256w, https:\/\/aulavoirsolidaire.fr\/wp-content\/uploads\/2024\/11\/analytics-180x180.png 180w\" sizes=\"(max-width: 256px) 100vw, 256px\" \/><\/figure><div class=\"elementor-image-box-content\"><h3 class=\"elementor-image-box-title\">INSERTION<br>PROFESSIONNELLE<\/h3><p class=\"elementor-image-box-description\">Une conseill\u00e8re en insertion socioprofessionnelle de l'association est sp\u00e9cialement d\u00e9di\u00e9e pour vous fournir un accompagnement complet pour un retour \u00e0 l'emploi. <\/p><\/div><\/div>\t\t<\/div>\n\t\t\t\t<\/div>\n\t\t\t\t\t<\/div>\n\t\t<\/div>\n\t\t\t\t<div class=\"elementor-column elementor-col-33 elementor-inner-column elementor-element elementor-element-71877658\" data-id=\"71877658\" data-element_type=\"column\">\n\t\t\t<div class=\"elementor-widget-wrap elementor-element-populated\">\n\t\t\t\t\t\t<div class=\"elementor-element elementor-element-5121f0b6 elementor-position-top elementor-widget elementor-widget-image-box\" data-id=\"5121f0b6\" data-element_type=\"widget\" data-widget_type=\"image-box.default\">\n\t\t\t\t<div class=\"elementor-widget-container\">\n\t\t\t<div class=\"elementor-image-box-wrapper\"><figure class=\"elementor-image-box-img\"><img loading=\"lazy\" decoding=\"async\" width=\"256\" height=\"256\" src=\"https:\/\/aulavoirsolidaire.fr\/wp-content\/uploads\/2024\/11\/domain-registration.png\" class=\"elementor-animation-grow attachment-full size-full wp-image-11686\" alt=\"\" srcset=\"https:\/\/aulavoirsolidaire.fr\/wp-content\/uploads\/2024\/11\/domain-registration.png 256w, https:\/\/aulavoirsolidaire.fr\/wp-content\/uploads\/2024\/11\/domain-registration-180x180.png 180w\" sizes=\"(max-width: 256px) 100vw, 256px\" \/><\/figure><div class=\"elementor-image-box-content\"><h3 class=\"elementor-image-box-title\">D\u00c9MARCHES ADMINISTRATIVES<\/h3><p class=\"elementor-image-box-description\">CAF, P\u00f4le emploi, imp\u00f4ts, DUF ... Notre \u00e9quipe est pr\u00e9sente pour vous apporter l'aide dont vous avez besoin au quotidien pour acc\u00e9der \u00e0 vos droits.<\/p><\/div><\/div>\t\t<\/div>\n\t\t\t\t<\/div>\n\t\t\t\t\t<\/div>\n\t\t<\/div>\n\t\t\t\t<div class=\"elementor-column elementor-col-33 elementor-inner-column elementor-element elementor-element-60e7e164\" data-id=\"60e7e164\" data-element_type=\"column\">\n\t\t\t<div class=\"elementor-widget-wrap elementor-element-populated\">\n\t\t\t\t\t\t<div class=\"elementor-element elementor-element-59f5847c elementor-position-top elementor-widget elementor-widget-image-box\" data-id=\"59f5847c\" data-element_type=\"widget\" data-widget_type=\"image-box.default\">\n\t\t\t\t<div class=\"elementor-widget-container\">\n\t\t\t<div class=\"elementor-image-box-wrapper\"><figure class=\"elementor-image-box-img\"><img loading=\"lazy\" decoding=\"async\" width=\"256\" height=\"256\" src=\"https:\/\/aulavoirsolidaire.fr\/wp-content\/uploads\/2024\/11\/viral-marketing.png\" class=\"elementor-animation-grow attachment-full size-full wp-image-11722\" alt=\"\" srcset=\"https:\/\/aulavoirsolidaire.fr\/wp-content\/uploads\/2024\/11\/viral-marketing.png 256w, https:\/\/aulavoirsolidaire.fr\/wp-content\/uploads\/2024\/11\/viral-marketing-180x180.png 180w\" sizes=\"(max-width: 256px) 100vw, 256px\" \/><\/figure><div class=\"elementor-image-box-content\"><h3 class=\"elementor-image-box-title\">ORIENTATION<br>PERSONNALIS\u00c9E<\/h3><p class=\"elementor-image-box-description\">Lorsque nous ne sommes pas en mesure d'apporter des r\u00e9ponses \u00e0 vos besoins, nous nous assurons toujours  de vous orienter vers nos partenaires ad\u00e9quats.<\/p><\/div><\/div>\t\t<\/div>\n\t\t\t\t<\/div>\n\t\t\t\t\t<\/div>\n\t\t<\/div>\n\t\t\t\t\t<\/div>\n\t\t<\/section>\n\t\t\t\t\t<\/div>\n\t\t<\/div>\n\t\t\t\t\t<\/div>\n\t\t<\/section>\n\t\t\t\t<section class=\"elementor-section elementor-top-section elementor-element elementor-element-b43ac20 elementor-section-boxed elementor-section-height-default elementor-section-height-default wpr-particle-no wpr-jarallax-no wpr-parallax-no wpr-sticky-section-no\" data-id=\"b43ac20\" data-element_type=\"section\">\n\t\t\t\t\t\t<div class=\"elementor-container elementor-column-gap-no\">\n\t\t\t\t\t<div class=\"elementor-column elementor-col-50 elementor-top-column elementor-element elementor-element-2b1348d\" data-id=\"2b1348d\" data-element_type=\"column\">\n\t\t\t<div class=\"elementor-widget-wrap elementor-element-populated\">\n\t\t\t\t\t\t<div class=\"elementor-element elementor-element-fa7d5cc elementor-invisible elementor-widget elementor-widget-image\" data-id=\"fa7d5cc\" data-element_type=\"widget\" data-settings=\"{&quot;_animation&quot;:&quot;fadeInLeft&quot;}\" data-widget_type=\"image.default\">\n\t\t\t\t<div class=\"elementor-widget-container\">\n\t\t\t\t\t\t\t\t\t\t<figure class=\"wp-caption\">\n\t\t\t\t\t\t\t\t\t\t<img loading=\"lazy\" decoding=\"async\" width=\"1287\" height=\"1734\" src=\"https:\/\/aulavoirsolidaire.fr\/wp-content\/uploads\/2024\/11\/186540467_2961082097469869_9050670795665579200_n.jpg\" class=\"attachment-full size-full wp-image-11428\" alt=\"\" srcset=\"https:\/\/aulavoirsolidaire.fr\/wp-content\/uploads\/2024\/11\/186540467_2961082097469869_9050670795665579200_n.jpg 1287w, https:\/\/aulavoirsolidaire.fr\/wp-content\/uploads\/2024\/11\/186540467_2961082097469869_9050670795665579200_n-760x1024.jpg 760w, https:\/\/aulavoirsolidaire.fr\/wp-content\/uploads\/2024\/11\/186540467_2961082097469869_9050670795665579200_n-768x1035.jpg 768w, https:\/\/aulavoirsolidaire.fr\/wp-content\/uploads\/2024\/11\/186540467_2961082097469869_9050670795665579200_n-1140x1536.jpg 1140w\" sizes=\"(max-width: 34.9rem) calc(100vw - 2rem), (max-width: 53rem) calc(8 * (100vw \/ 12)), (min-width: 53rem) calc(6 * (100vw \/ 12)), 100vw\" \/>\t\t\t\t\t\t\t\t\t\t\t<figcaption class=\"widget-image-caption wp-caption-text\"><\/figcaption>\n\t\t\t\t\t\t\t\t\t\t<\/figure>\n\t\t\t\t\t\t\t<\/div>\n\t\t\t\t<\/div>\n\t\t\t\t\t<\/div>\n\t\t<\/div>\n\t\t\t\t<div class=\"elementor-column elementor-col-50 elementor-top-column elementor-element elementor-element-b4ae56c\" data-id=\"b4ae56c\" data-element_type=\"column\">\n\t\t\t<div class=\"elementor-widget-wrap elementor-element-populated\">\n\t\t\t\t\t\t<div class=\"elementor-element elementor-element-dfd5852 elementor-invisible elementor-widget elementor-widget-image\" data-id=\"dfd5852\" data-element_type=\"widget\" data-settings=\"{&quot;_animation&quot;:&quot;fadeInUp&quot;}\" data-widget_type=\"image.default\">\n\t\t\t\t<div class=\"elementor-widget-container\">\n\t\t\t\t\t\t\t\t\t\t<figure class=\"wp-caption\">\n\t\t\t\t\t\t\t\t\t\t<img loading=\"lazy\" decoding=\"async\" width=\"1152\" height=\"864\" src=\"https:\/\/aulavoirsolidaire.fr\/wp-content\/uploads\/2024\/11\/460541089_4132556353655765_4415738778109403717_n.jpg\" class=\"attachment-full size-full wp-image-11455\" alt=\"\" srcset=\"https:\/\/aulavoirsolidaire.fr\/wp-content\/uploads\/2024\/11\/460541089_4132556353655765_4415738778109403717_n.jpg 1152w, https:\/\/aulavoirsolidaire.fr\/wp-content\/uploads\/2024\/11\/460541089_4132556353655765_4415738778109403717_n-1024x768.jpg 1024w, https:\/\/aulavoirsolidaire.fr\/wp-content\/uploads\/2024\/11\/460541089_4132556353655765_4415738778109403717_n-768x576.jpg 768w\" sizes=\"(max-width: 34.9rem) calc(100vw - 2rem), (max-width: 53rem) calc(8 * (100vw \/ 12)), (min-width: 53rem) calc(6 * (100vw \/ 12)), 100vw\" \/>\t\t\t\t\t\t\t\t\t\t\t<figcaption class=\"widget-image-caption wp-caption-text\"><\/figcaption>\n\t\t\t\t\t\t\t\t\t\t<\/figure>\n\t\t\t\t\t\t\t<\/div>\n\t\t\t\t<\/div>\n\t\t\t\t\t<\/div>\n\t\t<\/div>\n\t\t\t\t\t<\/div>\n\t\t<\/section>\n\t\t\t\t<\/div>\n\t\t","protected":false},"excerpt":{"rendered":"<p>\u00c9V\u00c9NEMENTS CULTURELS &amp; loisirs Au Lavoir, la convivialit\u00e9 et l\u2019ouverture aux autres sont au c\u0153ur de nos actions. Tout au long de l\u2019ann\u00e9e, nous organisons des activit\u00e9s culturelles et r\u00e9cr\u00e9atives pour tous les habitants, sans aucune distinction. Des sorties culturelles \u00e0 des ateliers cr\u00e9atifs, nos initiatives visent \u00e0 cr\u00e9er des moments de rencontre et de partage, favorisant le bien-\u00eatre et l&#8217;\u00e9panouissement de chacun. D\u00e9couvrez notre programme Soutien &amp; insertion Nous vous accompagnons dans chacune de vos d\u00e9marches du quotidien. Qu&#8217;il s&#8217;agisse d&#8217;un accompagnement vers le retour \u00e0 l&#8217;emploi, d&#8217;une aide pour vos d\u00e9marches administratives, ou d&#8217;un soutien pour g\u00e9rer des situations sp\u00e9cifiques, notre \u00e9quipe est pr\u00e9sente pour vous offrir une \u00e9coute attentive et un appui personnalis\u00e9. Ensemble, nous mettons ainsi en place des solutions adapt\u00e9es \u00e0 vos besoins. Contactez-nous NOTRE ACCOMPAGNEMENT INSERTIONPROFESSIONNELLE Une conseill\u00e8re en insertion socioprofessionnelle de l&#8217;association est sp\u00e9cialement d\u00e9di\u00e9e pour vous fournir un accompagnement complet pour un retour \u00e0 l&#8217;emploi. D\u00c9MARCHES ADMINISTRATIVES CAF, P\u00f4le emploi, imp\u00f4ts, DUF &#8230; Notre \u00e9quipe est pr\u00e9sente pour vous apporter l&#8217;aide dont vous avez besoin au quotidien pour acc\u00e9der \u00e0 vos droits. ORIENTATIONPERSONNALIS\u00c9E Lorsque nous ne sommes pas en mesure d&#8217;apporter des r\u00e9ponses \u00e0 vos besoins, nous nous assurons toujours de vous orienter vers nos partenaires ad\u00e9quats.<\/p>\n","protected":false},"author":3,"featured_media":0,"parent":0,"menu_order":0,"comment_status":"closed","ping_status":"closed","template":"elementor_header_footer","meta":{"footnotes":""},"class_list":["post-10475","page","type-page","status-publish","hentry","entry"],"_links":{"self":[{"href":"https:\/\/aulavoirsolidaire.fr\/index.php?rest_route=\/wp\/v2\/pages\/10475","targetHints":{"allow":["GET"]}}],"collection":[{"href":"https:\/\/aulavoirsolidaire.fr\/index.php?rest_route=\/wp\/v2\/pages"}],"about":[{"href":"https:\/\/aulavoirsolidaire.fr\/index.php?rest_route=\/wp\/v2\/types\/page"}],"author":[{"embeddable":true,"href":"https:\/\/aulavoirsolidaire.fr\/index.php?rest_route=\/wp\/v2\/users\/3"}],"replies":[{"embeddable":true,"href":"https:\/\/aulavoirsolidaire.fr\/index.php?rest_route=%2Fwp%2Fv2%2Fcomments&post=10475"}],"version-history":[{"count":37,"href":"https:\/\/aulavoirsolidaire.fr\/index.php?rest_route=\/wp\/v2\/pages\/10475\/revisions"}],"predecessor-version":[{"id":11763,"href":"https:\/\/aulavoirsolidaire.fr\/index.php?rest_route=\/wp\/v2\/pages\/10475\/revisions\/11763"}],"wp:attachment":[{"href":"https:\/\/aulavoirsolidaire.fr\/index.php?rest_route=%2Fwp%2Fv2%2Fmedia&parent=10475"}],"curies":[{"name":"wp","href":"https:\/\/api.w.org\/{rel}","templated":true}]}}